{"id":4010,"date":"2022-02-01T08:25:47","date_gmt":"2022-02-01T08:25:47","guid":{"rendered":"http:\/\/digitalisfejlodes.hu\/?page_id=4010"},"modified":"2022-02-01T13:59:46","modified_gmt":"2022-02-01T12:59:46","slug":"fooldal","status":"publish","type":"page","link":"https:\/\/digitalisfejlodes.hu\/","title":{"rendered":"F\u0151oldal"},"content":{"rendered":"\t\t<div data-elementor-type=\"wp-page\" data-elementor-id=\"4010\" class=\"elementor elementor-4010\" data-elementor-settings=\"[]\">\n\t\t\t\t\t\t\t<div class=\"elementor-section-wrap\">\n\t\t\t\t\t\t\t<section class=\"elementor-section elementor-top-section elementor-element elementor-element-01ea07c elementor-section-boxed elementor-section-height-default elementor-section-height-default\" data-id=\"01ea07c\" data-element_type=\"section\">\n\t\t\t\t\t\t<div class=\"elementor-container elementor-column-gap-default\">\n\t\t\t\t\t<div class=\"elementor-column elementor-col-100 elementor-top-column elementor-element elementor-element-109bbdc\" data-id=\"109bbdc\" data-element_type=\"column\">\n\t\t\t<div class=\"elementor-widget-wrap elementor-element-populated\">\n\t\t\t\t\t\t\t\t<div class=\"elementor-element elementor-element-7c34a0d elementor-widget elementor-widget-image\" data-id=\"7c34a0d\" data-element_type=\"widget\" data-widget_type=\"image.default\">\n\t\t\t\t<div class=\"elementor-widget-container\">\n\t\t\t<style>\/*! elementor - v3.5.4 - 23-01-2022 *\/\n.elementor-widget-image{text-align:center}.elementor-widget-image a{display:inline-block}.elementor-widget-image a img[src$=\".svg\"]{width:48px}.elementor-widget-image img{vertical-align:middle;display:inline-block}<\/style>\t\t\t\t\t\t\t\t\t\t\t\t<img loading=\"lazy\" decoding=\"async\" width=\"2560\" height=\"1088\" src=\"https:\/\/digitalisfejlodes.hu\/wp-content\/uploads\/2022\/02\/shutterstock_1941974065-scaled.jpg\" class=\"attachment-full size-full\" alt=\"\" srcset=\"https:\/\/digitalisfejlodes.hu\/wp-content\/uploads\/2022\/02\/shutterstock_1941974065-scaled.jpg 2560w, https:\/\/digitalisfejlodes.hu\/wp-content\/uploads\/2022\/02\/shutterstock_1941974065-300x127.jpg 300w, https:\/\/digitalisfejlodes.hu\/wp-content\/uploads\/2022\/02\/shutterstock_1941974065-1024x435.jpg 1024w, https:\/\/digitalisfejlodes.hu\/wp-content\/uploads\/2022\/02\/shutterstock_1941974065-768x326.jpg 768w, https:\/\/digitalisfejlodes.hu\/wp-content\/uploads\/2022\/02\/shutterstock_1941974065-1536x653.jpg 1536w, https:\/\/digitalisfejlodes.hu\/wp-content\/uploads\/2022\/02\/shutterstock_1941974065-2048x870.jpg 2048w\" sizes=\"auto, (max-width: 2560px) 100vw, 2560px\" \/>\t\t\t\t\t\t\t\t\t\t\t\t\t\t\t<\/div>\n\t\t\t\t<\/div>\n\t\t\t\t\t<\/div>\n\t\t<\/div>\n\t\t\t\t\t\t\t<\/div>\n\t\t<\/section>\n\t\t\t\t<section class=\"elementor-section elementor-top-section elementor-element elementor-element-16fe159 elementor-section-boxed elementor-section-height-default elementor-section-height-default\" data-id=\"16fe159\" data-element_type=\"section\">\n\t\t\t\t\t\t<div class=\"elementor-container elementor-column-gap-default\">\n\t\t\t\t\t<div class=\"elementor-column elementor-col-100 elementor-top-column elementor-element elementor-element-867384b\" data-id=\"867384b\" data-element_type=\"column\">\n\t\t\t<div class=\"elementor-widget-wrap elementor-element-populated\">\n\t\t\t\t\t\t\t\t<div class=\"elementor-element elementor-element-c9f1242 elementor-grid-2 elementor-grid-tablet-2 elementor-grid-mobile-1 elementor-posts--thumbnail-top elementor-posts__hover-gradient elementor-widget elementor-widget-posts\" data-id=\"c9f1242\" data-element_type=\"widget\" data-settings=\"{&quot;cards_columns&quot;:&quot;2&quot;,&quot;cards_masonry&quot;:&quot;yes&quot;,&quot;cards_columns_tablet&quot;:&quot;2&quot;,&quot;cards_columns_mobile&quot;:&quot;1&quot;,&quot;cards_row_gap&quot;:{&quot;unit&quot;:&quot;px&quot;,&quot;size&quot;:35,&quot;sizes&quot;:[]},&quot;cards_row_gap_tablet&quot;:{&quot;unit&quot;:&quot;px&quot;,&quot;size&quot;:&quot;&quot;,&quot;sizes&quot;:[]},&quot;cards_row_gap_mobile&quot;:{&quot;unit&quot;:&quot;px&quot;,&quot;size&quot;:&quot;&quot;,&quot;sizes&quot;:[]}}\" data-widget_type=\"posts.cards\">\n\t\t\t\t<div class=\"elementor-widget-container\">\n\t\t\t<link rel=\"stylesheet\" href=\"http:\/\/digitalisfejlodes.hu\/wp-content\/plugins\/elementor-pro\/assets\/css\/widget-posts.min.css\">\t\t<div class=\"elementor-posts-container elementor-posts elementor-posts--skin-cards elementor-grid\">\n\t\t\t\t<article class=\"elementor-post elementor-grid-item post-4199 post type-post status-publish format-standard has-post-thumbnail hentry category-senso\">\n\t\t\t<div class=\"elementor-post__card\">\n\t\t\t\t<a class=\"elementor-post__thumbnail__link\" href=\"https:\/\/digitalisfejlodes.hu\/?p=4199\" ><div class=\"elementor-post__thumbnail\"><img loading=\"lazy\" decoding=\"async\" width=\"1080\" height=\"1920\" src=\"https:\/\/digitalisfejlodes.hu\/wp-content\/uploads\/2022\/02\/fehervar-1.png\" class=\"attachment-full size-full\" alt=\"\" srcset=\"https:\/\/digitalisfejlodes.hu\/wp-content\/uploads\/2022\/02\/fehervar-1.png 1080w, https:\/\/digitalisfejlodes.hu\/wp-content\/uploads\/2022\/02\/fehervar-1-169x300.png 169w, https:\/\/digitalisfejlodes.hu\/wp-content\/uploads\/2022\/02\/fehervar-1-576x1024.png 576w, https:\/\/digitalisfejlodes.hu\/wp-content\/uploads\/2022\/02\/fehervar-1-768x1365.png 768w, https:\/\/digitalisfejlodes.hu\/wp-content\/uploads\/2022\/02\/fehervar-1-864x1536.png 864w\" sizes=\"auto, (max-width: 1080px) 100vw, 1080px\" \/><\/div><\/a>\n\t\t\t\t<div class=\"elementor-post__text\">\n\t\t\t\t<h2 class=\"elementor-post__title\">\n\t\t\t<a href=\"https:\/\/digitalisfejlodes.hu\/?p=4199\" >\n\t\t\t\tSzurkol\u00f3i applik\u00e1ci\u00f3t fejlesztett a Senso Media Zrt.\t\t\t<\/a>\n\t\t<\/h2>\n\t\t\t\t<div class=\"elementor-post__excerpt\">\n\t\t\t<p>Magyarorsz\u00e1gon, de ak\u00e1r Nemzetk\u00f6zileg is egyed\u00fcl\u00e1ll\u00f3 a cikk\u00fcnkben bemutat\u00e1sra ker\u00fcl\u0151 modul\u00e1ris Szurkol\u00f3i Applik\u00e1ci\u00f3. A megold\u00e1s fejleszt\u0151je, a Senso Media Zrt, mely sz\u00e1mtalan digit\u00e1lis \u00e9s okos megold\u00e1st k\u00edn\u00e1l az \u00e9let szinte minden ter\u00fclet\u00e9re \u2013 ilyenek a k\u00fcl\u00f6nf\u00e9le felhaszn\u00e1l\u00f3bar\u00e1t intuit\u00edv alkalmaz\u00e1sok is, amelyek leg\u00fajabb tagja a szem\u00e9lyre szabhat\u00f3 Szurkol\u00f3i Applik\u00e1ci\u00f3. Az els\u0151<\/p>\n\t\t<\/div>\n\t\t\t\t\t<a class=\"elementor-post__read-more\" href=\"https:\/\/digitalisfejlodes.hu\/?p=4199\" >\n\t\t\t\tOlvass tov\u00e1bb \u00bb\t\t\t<\/a>\n\t\t\t\t<\/div>\n\t\t\t\t<div class=\"elementor-post__meta-data\">\n\t\t\t\t\t<span class=\"elementor-post-date\">\n\t\t\t2022.02.01.\t\t<\/span>\n\t\t\t\t<\/div>\n\t\t\t\t\t<\/div>\n\t\t<\/article>\n\t\t\t\t<\/div>\n\n\n\t\t\n\t\t\t\t<\/div>\n\t\t\t\t<\/div>\n\t\t\t\t<div class=\"elementor-element elementor-element-f6709cc elementor-widget elementor-widget-shortcode\" data-id=\"f6709cc\" data-element_type=\"widget\" data-widget_type=\"shortcode.default\">\n\t\t\t\t<div class=\"elementor-widget-container\">\n\t\t\t\t\t<div class=\"elementor-shortcode\"><\/div>\n\t\t\t\t<\/div>\n\t\t\t\t<\/div>\n\t\t\t\t\t<\/div>\n\t\t<\/div>\n\t\t\t\t\t\t\t<\/div>\n\t\t<\/section>\n\t\t\t\t<section class=\"elementor-section elementor-top-section elementor-element elementor-element-ebb33ae elementor-section-boxed elementor-section-height-default elementor-section-height-default\" data-id=\"ebb33ae\" data-element_type=\"section\">\n\t\t\t\t\t\t<div class=\"elementor-container elementor-column-gap-default\">\n\t\t\t\t\t<div class=\"elementor-column elementor-col-50 elementor-top-column elementor-element elementor-element-ec247ed\" data-id=\"ec247ed\" data-element_type=\"column\">\n\t\t\t<div class=\"elementor-widget-wrap elementor-element-populated\">\n\t\t\t\t\t\t\t\t<div class=\"elementor-element elementor-element-d816599 elementor-widget elementor-widget-shortcode\" data-id=\"d816599\" data-element_type=\"widget\" data-widget_type=\"shortcode.default\">\n\t\t\t\t<div class=\"elementor-widget-container\">\n\t\t\t\t\t<div class=\"elementor-shortcode\"><div class=\"wprss_ajax\" data-id=\"rss88e9421ff6\"><img loading=\"lazy\" decoding=\"async\" src=\"https:\/\/digitalisfejlodes.hu\/wp-content\/plugins\/wp-rss-retriever\/inc\/imgs\/ajax-loader.gif\" alt=\"Loading RSS Feed\" width=\"16\" height=\"16\"><\/div><\/div>\n\t\t\t\t<\/div>\n\t\t\t\t<\/div>\n\t\t\t\t\t<\/div>\n\t\t<\/div>\n\t\t\t\t<div class=\"elementor-column elementor-col-50 elementor-top-column elementor-element elementor-element-45a1448\" data-id=\"45a1448\" data-element_type=\"column\">\n\t\t\t<div class=\"elementor-widget-wrap elementor-element-populated\">\n\t\t\t\t\t\t\t\t<div class=\"elementor-element elementor-element-430b38f elementor-widget elementor-widget-shortcode\" data-id=\"430b38f\" data-element_type=\"widget\" data-widget_type=\"shortcode.default\">\n\t\t\t\t<div class=\"elementor-widget-container\">\n\t\t\t\t\t<div class=\"elementor-shortcode\"><div class=\"wprss_ajax\" data-id=\"rss33efde40ed\"><img loading=\"lazy\" decoding=\"async\" src=\"https:\/\/digitalisfejlodes.hu\/wp-content\/plugins\/wp-rss-retriever\/inc\/imgs\/ajax-loader.gif\" alt=\"Loading RSS Feed\" width=\"16\" height=\"16\"><\/div><\/div>\n\t\t\t\t<\/div>\n\t\t\t\t<\/div>\n\t\t\t\t\t<\/div>\n\t\t<\/div>\n\t\t\t\t\t\t\t<\/div>\n\t\t<\/section>\n\t\t\t\t\t\t<\/div>\n\t\t\t\t\t<\/div>\n\t\t","protected":false},"excerpt":{"rendered":"","protected":false},"author":1,"featured_media":0,"parent":0,"menu_order":0,"comment_status":"closed","ping_status":"closed","template":"","meta":{"footnotes":""},"class_list":["post-4010","page","type-page","status-publish","hentry"],"_links":{"self":[{"href":"https:\/\/digitalisfejlodes.hu\/index.php?rest_route=\/wp\/v2\/pages\/4010","targetHints":{"allow":["GET"]}}],"collection":[{"href":"https:\/\/digitalisfejlodes.hu\/index.php?rest_route=\/wp\/v2\/pages"}],"about":[{"href":"https:\/\/digitalisfejlodes.hu\/index.php?rest_route=\/wp\/v2\/types\/page"}],"author":[{"embeddable":true,"href":"https:\/\/digitalisfejlodes.hu\/index.php?rest_route=\/wp\/v2\/users\/1"}],"replies":[{"embeddable":true,"href":"https:\/\/digitalisfejlodes.hu\/index.php?rest_route=%2Fwp%2Fv2%2Fcomments&post=4010"}],"version-history":[{"count":50,"href":"https:\/\/digitalisfejlodes.hu\/index.php?rest_route=\/wp\/v2\/pages\/4010\/revisions"}],"predecessor-version":[{"id":4232,"href":"https:\/\/digitalisfejlodes.hu\/index.php?rest_route=\/wp\/v2\/pages\/4010\/revisions\/4232"}],"wp:attachment":[{"href":"https:\/\/digitalisfejlodes.hu\/index.php?rest_route=%2Fwp%2Fv2%2Fmedia&parent=4010"}],"curies":[{"name":"wp","href":"https:\/\/api.w.org\/{rel}","templated":true}]}}